{"id":207622,"date":"2018-03-13T11:25:22","date_gmt":"2018-03-13T10:25:22","guid":{"rendered":"http:\/\/hotel-des-deux-avenues.com.51-254-138-118.altelis.com\/mentions-legales\/"},"modified":"2025-07-01T10:28:49","modified_gmt":"2025-07-01T08:28:49","slug":"legal-notices","status":"publish","type":"page","link":"https:\/\/www.hotel-des-deux-avenues.com\/en\/legal-notices\/","title":{"rendered":"Legal notices"},"content":{"rendered":"<p>[et_pb_section fb_built=&#8221;1&#8243; _builder_version=&#8221;4.16&#8243; background_color=&#8221;rgba(179,168,118,0.8)&#8221; background_size=&#8221;contain&#8221; background_position=&#8221;top_left&#8221; background_repeat=&#8221;repeat&#8221; custom_padding=&#8221;9px|50px|6px|50px&#8221; global_colors_info=&#8221;{}&#8221;][et_pb_row _builder_version=&#8221;4.16&#8243; background_size=&#8221;initial&#8221; background_position=&#8221;top_left&#8221; background_repeat=&#8221;repeat&#8221; custom_padding=&#8221;18px|0px|14px|0px&#8221; global_colors_info=&#8221;{}&#8221;][et_pb_column type=&#8221;4_4&#8243; _builder_version=&#8221;4.16&#8243; custom_padding=&#8221;|||&#8221; global_colors_info=&#8221;{}&#8221; custom_padding__hover=&#8221;|||&#8221;][et_pb_text module_class=&#8221;heading-title&#8221; _builder_version=&#8221;4.16&#8243; header_font=&#8221;|||on|||||&#8221; header_text_color=&#8221;#7f7160&#8243; header_font_size=&#8221;22px&#8221; header_letter_spacing=&#8221;2px&#8221; background_layout=&#8221;dark&#8221; custom_padding=&#8221;|||&#8221; custom_padding_last_edited=&#8221;off|desktop&#8221; inline_fonts=&#8221;ABeeZee&#8221; global_colors_info=&#8221;{}&#8221;]<\/p>\n<h1 style=\"text-align: center;\"><span style=\"color: #ffffff;\"><strong><span style=\"font-family: ABeeZee;\">Legal notices | HOtel des Deux Avenues | Paris<\/span><\/strong><\/span><\/h1>\n<p>[\/et_pb_text][\/et_pb_column][\/et_pb_row][\/et_pb_section][et_pb_section fb_built=&#8221;1&#8243; _builder_version=&#8221;4.16&#8243; custom_padding=&#8221;134px|0px|177px|0px&#8221; global_colors_info=&#8221;{}&#8221;][et_pb_row column_structure=&#8221;1_3,1_3,1_3&#8243; module_class=&#8221; et_pb_row_fullwidth&#8221; _builder_version=&#8221;4.16&#8243; background_size=&#8221;initial&#8221; background_position=&#8221;top_left&#8221; background_repeat=&#8221;repeat&#8221; width=&#8221;89%&#8221; width_tablet=&#8221;80%&#8221; width_phone=&#8221;&#8221; width_last_edited=&#8221;on|desktop&#8221; max_width=&#8221;89%&#8221; max_width_tablet=&#8221;80%&#8221; max_width_phone=&#8221;&#8221; max_width_last_edited=&#8221;on|desktop&#8221; custom_padding=&#8221;55px|0px|60px|0px&#8221; make_fullwidth=&#8221;on&#8221; global_colors_info=&#8221;{}&#8221;][et_pb_column type=&#8221;1_3&#8243; _builder_version=&#8221;4.16&#8243; custom_padding=&#8221;|||&#8221; global_colors_info=&#8221;{}&#8221; custom_padding__hover=&#8221;|||&#8221;][et_pb_text _builder_version=&#8221;4.16&#8243; text_font=&#8221;Noto Sans||||||||&#8221; header_font=&#8221;||||||||&#8221; header_2_font=&#8221;||||||||&#8221; header_3_font=&#8221;Gudea||||||||&#8221; header_3_text_color=&#8221;#b3a876&#8243; animation_style=&#8221;fade&#8221; animation_delay=&#8221;100ms&#8221; global_colors_info=&#8221;{}&#8221;]<\/p>\n<h3 class=\"mentions-item-title\" style=\"text-align: left;\">Proprietary\u00a0:<b style=\"font-size: 14px;\">\u00a0<\/b>HOTEL DES DEUX AVENUES<\/h3>\n<p><b>Phone : <\/b>+33 (0)1 42 27 44 35<\/p>\n<p><b>Address\u00a0<\/b>: 38 rue Poncelet &#8211; 75017 Paris\u00a0\u2013 France<\/p>\n<p><strong>SIRET :<\/strong>\u00a054201296800013<\/p>\n<p><span><strong>RCS :<\/strong> RCS PARIS 542 012 968<\/span><\/p>\n<p><strong>N\u00b0 <\/strong><span><strong>TVA :<\/strong> FR 775 420 129 68<\/span><\/p>\n<p><strong>SIREN :<\/strong> 542 012 968<\/p>\n<p><strong>Legal form :\u00a0<\/strong>Soci\u00e9t\u00e9 en nom collectif<\/p>\n<p><strong>Capital social : <\/strong>38 252, 51\u20ac<\/p>\n<p><strong>Publication Manager : <\/strong>Mr Hassan KARIMI RIKABADI<\/p>\n<p>[\/et_pb_text][\/et_pb_column][et_pb_column type=&#8221;1_3&#8243; _builder_version=&#8221;4.16&#8243; custom_padding=&#8221;|||&#8221; global_colors_info=&#8221;{}&#8221; custom_padding__hover=&#8221;|||&#8221;][et_pb_text _builder_version=&#8221;4.16&#8243; text_font=&#8221;Noto Sans||||||||&#8221; header_3_font=&#8221;Gudea||||||||&#8221; header_3_text_color=&#8221;#b3a876&#8243; animation_style=&#8221;fade&#8221; animation_delay=&#8221;150ms&#8221; global_colors_info=&#8221;{}&#8221;]<\/p>\n<h3 class=\"mentions-item-title\" style=\"text-align: left;\">Website creation : ALTELIS<\/h3>\n<p><b>Phone :<\/b>\u00a0+33(0)1 85 09 74 06<\/p>\n<p><b>Address :<\/b> 37, rue Adam Ledoux 92400 Courbevoie &#8211; France<\/p>\n<p><b>SIRET :<\/b>\u00a0N\u00b080164723100050<\/p>\n<p><b>RCS :<\/b>\u00a0Paris B 801647231<\/p>\n<p><b>N\u00b0 de TVA Intracommunautaire :<\/b>\u00a0FR44801647231<\/p>\n<p><b>Legal form :<\/b>\u00a0Soci\u00e9t\u00e9 \u00e0 responsabilit\u00e9 limit\u00e9e<\/p>\n<p><b>Capital social :<\/b>\u00a0100.000,00 Euros<\/p>\n<p>[\/et_pb_text][\/et_pb_column][et_pb_column type=&#8221;1_3&#8243; _builder_version=&#8221;4.16&#8243; custom_padding=&#8221;|||&#8221; global_colors_info=&#8221;{}&#8221; custom_padding__hover=&#8221;|||&#8221;][et_pb_text _builder_version=&#8221;4.16&#8243; text_font=&#8221;Noto Sans||||||||&#8221; header_font=&#8221;||||||||&#8221; header_3_font=&#8221;Gudea||||||||&#8221; header_3_text_color=&#8221;#b3a876&#8243; animation_style=&#8221;fade&#8221; animation_delay=&#8221;175ms&#8221; global_colors_info=&#8221;{}&#8221;]<\/p>\n<h3 class=\"mentions-item-title\" style=\"text-align: left;\">Hosting : OVH<\/h3>\n<p><b>Phone :<\/b>\u00a0+33(0)8 99 70 17 61<\/p>\n<p><b>Address :<\/b>\u00a02, rue Kellermann &#8211;\u00a0<span style=\"font-size: 14px;\">59100 Roubaix \u2013 France<\/span><\/p>\n<p><b>SIRET :<\/b>\u00a0N\u00b042476141900045<\/p>\n<p><b>RCS :<\/b>\u00a0Lille Metropole B 424761419<\/p>\n<p><b>N\u00b0 de TVA Intracommunautaire :<\/b>\u00a0FR22424761419<\/p>\n<p><b>Legal form :<\/b>\u00a0Soci\u00e9t\u00e9 par actions simplifi\u00e9e<\/p>\n<p><b>Capital social :<\/b>\u00a010.000.000,00 Euros<br \/>\n[\/et_pb_text][\/et_pb_column][\/et_pb_row][et_pb_row module_class=&#8221; et_pb_row_fullwidth&#8221; _builder_version=&#8221;4.16&#8243; background_size=&#8221;initial&#8221; background_position=&#8221;top_left&#8221; background_repeat=&#8221;repeat&#8221; width=&#8221;89%&#8221; width_tablet=&#8221;80%&#8221; width_phone=&#8221;&#8221; width_last_edited=&#8221;on|desktop&#8221; max_width=&#8221;89%&#8221; max_width_tablet=&#8221;80%&#8221; max_width_phone=&#8221;&#8221; max_width_last_edited=&#8221;on|desktop&#8221; custom_padding=&#8221;55px|0px|60px|0px&#8221; make_fullwidth=&#8221;on&#8221; global_colors_info=&#8221;{}&#8221;][et_pb_column type=&#8221;4_4&#8243; _builder_version=&#8221;4.16&#8243; custom_padding=&#8221;|||&#8221; global_colors_info=&#8221;{}&#8221; custom_padding__hover=&#8221;|||&#8221;][et_pb_text _builder_version=&#8221;4.16&#8243; text_font=&#8221;Noto Sans||||||||&#8221; header_font=&#8221;||||||||&#8221; header_2_font=&#8221;||||||||&#8221; header_3_font=&#8221;Gudea||||||||&#8221; header_3_text_color=&#8221;#b3a876&#8243; animation_style=&#8221;fade&#8221; animation_delay=&#8221;100ms&#8221; global_colors_info=&#8221;{}&#8221;]<\/p>\n<p>The site presents:<\/p>\n<p><strong>\u25cf Informative content<\/strong><\/p>\n<p>\u25cf<span>\u00a0<\/span><strong>A collection of personal data on line<\/strong><br \/>French Data Protection Act: the site is the subject of a declaration to the Commission Nationale Informatique and Libert\u00e9 (French Data Protection Authority). You have the right to access, modify, rectify and delete information that concerns you (art. 34 of the Loi Informatique et Libert\u00e9s (French Data Protection Act)). To exercise this right, please contact: <a href=\"mailto:hotel-des-deux-avenues@wanadoo.fr\" target=\"_blank\" rel=\"noopener noreferrer\">hotel-des-deux-avenues@wanadoo.fr<\/a><\/p>\n<p><strong>\u25cf Opposition to Telephone Solicitation<\/strong><br \/>In accordance with the provisions of Article L223-1 of the French Consumer Code, you have the right to register on the Bloctel telephone solicitation opt-out list (<a href=\"http:\/\/www.bloctel.gouv.fr\/\" target=\"_blank\" rel=\"noopener noreferrer\">www.bloctel.gouv.fr<\/a>) to avoid being contacted by companies with which you do not have an ongoing contractual relationship.<br \/>Registration on this list is free and can be completed directly via the Bloctel website.<\/p>\n<p><strong>\u25cf Ownership<\/strong><br \/>The site and the information that it contains are protected by French intellectual property law and by international agreements. Except for use by immediate family members or private use, the site and any element of its content may not be reproduced, republished, retranscribed, modified or passed on without the prior authorization of the eligible party.<\/p>\n<h2>Dispute<\/h2>\n<p>In case of a dispute, our mediator is M\u00e9diation Travel et Voyages, reachable via the link:<span>\u00a0<\/span><a href=\"https:\/\/www.mtv.travel\/\" target=\"_blank\" rel=\"noopener noreferrer\">https:\/\/www.mtv.travel\/<\/a>. We are members of the UMIH professional union, which is also affiliated with this mediator.<\/p>\n<p>Link to the European Online Dispute Resolution platform:\u00a0<a href=\"https:\/\/ec.europa.eu\/consumers\/odr\/main\/index.cfm?event=main.home2.show&amp;lng=EN\" target=\"_blank\" rel=\"noopener noreferrer\">https:\/\/ec.europa.eu\/consumers\/odr\/main\/index.cfm?event=main.home2.show&amp;lng=EN<\/a><\/p>\n<p>[\/et_pb_text][\/et_pb_column][\/et_pb_row][\/et_pb_section][et_pb_section fb_built=&#8221;1&#8243; disabled_on=&#8221;off|off|off&#8221; admin_label=&#8221;Footer &#8211; EN&#8221; module_class=&#8221;main-footer&#8221; _builder_version=&#8221;4.25.2&#8243; background_color=&#8221;#000000&#8243; background_size=&#8221;contain&#8221; background_repeat=&#8221;repeat-x&#8221; custom_padding=&#8221;0px|0px|0px|0px&#8221; border_width_top=&#8221;2px&#8221; border_color_top=&#8221;#9a8572&#8243; saved_tabs=&#8221;all&#8221; locked=&#8221;off&#8221; global_colors_info=&#8221;{}&#8221;][et_pb_row column_structure=&#8221;1_4,1_4,1_4,1_4&#8243; module_class=&#8221;flex-row et_pb_row_fullwidth&#8221; _builder_version=&#8221;4.16&#8243; width=&#8221;89%&#8221; width_tablet=&#8221;80%&#8221; width_phone=&#8221;&#8221; width_last_edited=&#8221;on|desktop&#8221; max_width=&#8221;89%&#8221; max_width_tablet=&#8221;80%&#8221; max_width_phone=&#8221;&#8221; max_width_last_edited=&#8221;on|desktop&#8221; min_height=&#8221;100px&#8221; custom_padding=&#8221;13px|0px|15px|0px&#8221; custom_css_main_element=&#8221;display: flex;||align-items: center;||line-height: 1;&#8221; make_fullwidth=&#8221;on&#8221; custom_width_px=&#8221;1302px&#8221; global_colors_info=&#8221;{}&#8221;][et_pb_column type=&#8221;1_4&#8243; _builder_version=&#8221;4.16&#8243; custom_padding=&#8221;|||&#8221; global_colors_info=&#8221;{}&#8221; custom_padding__hover=&#8221;|||&#8221;][et_pb_image src=&#8221;https:\/\/www.hotel-des-deux-avenues.com\/wp-content\/uploads\/2024\/06\/logo_hotel_des_deux_avenues.svg&#8221; alt=&#8221;Logo H\u00f4tel Des Deux Avenues&#8221; title_text=&#8221;logo_hotel_des_deux_avenues&#8221; url=&#8221;https:\/\/hotel-des-deux-avenues.com\/&#8221; align=&#8221;center&#8221; align_tablet=&#8221;center&#8221; align_phone=&#8221;&#8221; align_last_edited=&#8221;on|desktop&#8221; module_class=&#8221;logo-footer&#8221; _builder_version=&#8221;4.25.1&#8243; max_width=&#8221;15%&#8221; global_colors_info=&#8221;{}&#8221;][\/et_pb_image][\/et_pb_column][et_pb_column type=&#8221;1_4&#8243; _builder_version=&#8221;4.16&#8243; custom_padding=&#8221;|||&#8221; global_colors_info=&#8221;{}&#8221; custom_padding__hover=&#8221;|||&#8221;][et_pb_blurb use_icon=&#8221;on&#8221; font_icon=&#8221;&#xe081;||divi||400&#8243; icon_color=&#8221;#ffffff&#8221; icon_placement=&#8221;left&#8221; image_icon_width=&#8221;12px&#8221; _builder_version=&#8221;4.25.2&#8243; header_font=&#8221;||||||||&#8221; body_font=&#8221;|600|||||||&#8221; custom_margin=&#8221;|||&#8221; custom_padding=&#8221;|||&#8221; icon_font_size=&#8221;12px&#8221; global_colors_info=&#8221;{}&#8221;]<span style=\"color: #ffffff;\">38, rue Poncelet, 75017 Paris<\/span>[\/et_pb_blurb][\/et_pb_column][et_pb_column type=&#8221;1_4&#8243; admin_label=&#8221;Colonne&#8221; _builder_version=&#8221;4.16&#8243; custom_padding=&#8221;|||&#8221; global_colors_info=&#8221;{}&#8221; custom_padding__hover=&#8221;|||&#8221;][et_pb_blurb use_icon=&#8221;on&#8221; font_icon=&#8221;&#xe090;||divi||400&#8243; icon_color=&#8221;#ffffff&#8221; icon_placement=&#8221;left&#8221; image_icon_width=&#8221;12px&#8221; content_max_width=&#8221;460px&#8221; _builder_version=&#8221;4.16&#8243; body_font=&#8221;|600|||||||&#8221; max_width=&#8221;86%&#8221; custom_margin=&#8221;0px||10px|&#8221; icon_font_size=&#8221;12px&#8221; global_colors_info=&#8221;{}&#8221;]<\/p>\n<p><a href=\"tel:+33(0)142274435\"><span style=\"color: #ffffff;\">+33 (0)1 42 27 44 35<\/span><\/a><\/p>\n<p>[\/et_pb_blurb][et_pb_blurb use_icon=&#8221;on&#8221; font_icon=&#8221;&#xf232;||fa||400&#8243; icon_color=&#8221;#ffffff&#8221; icon_placement=&#8221;left&#8221; image_icon_width=&#8221;14px&#8221; content_max_width=&#8221;460px&#8221; admin_label=&#8221;R\u00e9sum\u00e9&#8221; _builder_version=&#8221;4.25.2&#8243; body_font=&#8221;|600|||||||&#8221; max_width=&#8221;86%&#8221; custom_margin=&#8221;0px||0px|&#8221; custom_padding=&#8221;0px||0px|&#8221; icon_font_size=&#8221;12px&#8221; global_colors_info=&#8221;{}&#8221;]<a href=\"https:\/\/wa.me\/33142274435\"><span style=\"color: #ffffff;\">+33 (0)1 42 27 44 35<\/span><\/a>[\/et_pb_blurb][\/et_pb_column][et_pb_column type=&#8221;1_4&#8243; admin_label=&#8221;Colonne&#8221; _builder_version=&#8221;4.25.2&#8243; custom_padding=&#8221;||0px||false|false&#8221; custom_padding_tablet=&#8221;||0px||false|false&#8221; custom_padding_phone=&#8221;||60px||false|false&#8221; custom_padding_last_edited=&#8221;on|tablet&#8221; global_colors_info=&#8221;{}&#8221; custom_padding__hover=&#8221;|||&#8221;][et_pb_blurb use_icon=&#8221;on&#8221; font_icon=&#8221;&#xe076;||divi||400&#8243; icon_color=&#8221;#ffffff&#8221; icon_placement=&#8221;left&#8221; image_icon_width=&#8221;12px&#8221; content_max_width=&#8221;825px&#8221; admin_label=&#8221;R\u00e9sum\u00e9&#8221; _builder_version=&#8221;4.25.2&#8243; body_font=&#8221;|600|||||||&#8221; custom_margin=&#8221;||10px||false|false&#8221; icon_font_size=&#8221;12px&#8221; global_colors_info=&#8221;{}&#8221;]<\/p>\n<p><a style=\"color: #ffffff !important;\" href=\"mailto:hotel-des-deux-avenues@wanadoo.fr\">hotel-des-deux-avenues@wanadoo.fr<\/a><\/p>\n<p>[\/et_pb_blurb][et_pb_blurb use_icon=&#8221;on&#8221; font_icon=&#8221;&#xe0fa;||divi||400&#8243; icon_color=&#8221;#ffffff&#8221; icon_placement=&#8221;left&#8221; image_icon_width=&#8221;12px&#8221; content_max_width=&#8221;825px&#8221; admin_label=&#8221;R\u00e9sum\u00e9&#8221; _builder_version=&#8221;4.25.2&#8243; body_font=&#8221;|600|||||||&#8221; icon_font_size=&#8221;12px&#8221; global_colors_info=&#8221;{}&#8221;]<\/p>\n<p><span style=\"color: #ffffff;\">+33 (0)1 47 63 95 48<\/span><\/p>\n<p>[\/et_pb_blurb][\/et_pb_column][\/et_pb_row][\/et_pb_section][et_pb_section fb_built=&#8221;1&#8243; admin_label=&#8221;Footer liens &#8211; EN&#8221; module_class=&#8221;altelis-footer&#8221; _builder_version=&#8221;4.25.1&#8243; background_color=&#8221;#b3a876&#8243; custom_padding=&#8221;0px|0px|0px|0px&#8221; saved_tabs=&#8221;all&#8221; global_colors_info=&#8221;{}&#8221; global_module=&#8221;208059&#8243;][et_pb_row use_custom_gutter=&#8221;on&#8221; gutter_width=&#8221;1&#8243; module_class=&#8221; et_pb_row_fullwidth&#8221; _builder_version=&#8221;4.16&#8243; width=&#8221;100%&#8221; width_tablet=&#8221;100%&#8221; width_phone=&#8221;&#8221; width_last_edited=&#8221;on|desktop&#8221; max_width=&#8221;100%&#8221; max_width_tablet=&#8221;100%&#8221; max_width_phone=&#8221;&#8221; max_width_last_edited=&#8221;on|desktop&#8221; custom_padding=&#8221;15px|0px|14px|0px&#8221; make_fullwidth=&#8221;on&#8221; global_colors_info=&#8221;{}&#8221;][et_pb_column type=&#8221;4_4&#8243; _builder_version=&#8221;4.16&#8243; custom_padding=&#8221;|||&#8221; global_colors_info=&#8221;{}&#8221; custom_padding__hover=&#8221;|||&#8221;][et_pb_code _builder_version=&#8221;4.27.4&#8243; _module_preset=&#8221;default&#8221; global_colors_info=&#8221;{}&#8221;]<\/p>\n<div style=\"display: flex; flex-direction: row; width: 100%; margin: 0 auto; color: #ffffff; align-items: center; justify-content: center; gap: 10px; flex-wrap: wrap;\"><!-- [et_pb_line_break_holder] -->    <a style=\"color: #ffffff; font-weight: bold; margin: 5px;\" href=\"\/en\/\">Hotel des Deux Avenues<\/a><!-- [et_pb_line_break_holder] -->    <span style=\"color: #ffffff; margin: 5px; display: inline-block;\" class=\"divider\">|<\/span><!-- [et_pb_line_break_holder] -->    <a style=\"color: #ffffff; font-weight: bold; margin: 5px;\" href=\"http:\/\/www.altelis.com\" target=\"_blank\" rel=\"noopener noreferrer\">Altelis<\/a><!-- [et_pb_line_break_holder] -->    <span style=\"color: #ffffff; margin: 5px; display: inline-block;\" class=\"divider\">|<\/span><!-- [et_pb_line_break_holder] -->    <a style=\"color: #ffffff; font-weight: bold; margin: 5px;\" href=\"\/en\/legal-notices\/\">Legal notices<\/a><!-- [et_pb_line_break_holder] -->    <span style=\"color: #ffffff; margin: 5px; display: inline-block;\" class=\"divider\">|<\/span><!-- [et_pb_line_break_holder] -->    <a style=\"color: #ffffff; font-weight: bold; margin: 5px;\" href=\"javascript:Didomi.preferences.show()\">Cookie Consent<\/a><!-- [et_pb_line_break_holder] -->    <span style=\"color: #ffffff; margin: 5px; display: inline-block;\" class=\"divider\">|<\/span><!-- [et_pb_line_break_holder] -->    <a style=\"color: #ffffff; font-weight: bold; margin: 5px;\" target=\"_blank\" href=\"https:\/\/www.hotel-des-deux-avenues.com\/wp-content\/uploads\/2024\/08\/CGV_H2A.pdf\" rel=\"noopener\">Terms and conditions of sale<\/a><!-- [et_pb_line_break_holder] --><\/div>\n<p><!-- [et_pb_line_break_holder] --><!-- [et_pb_line_break_holder] --><script><!-- [et_pb_line_break_holder] -->    window.addEventListener('resize', function() {<!-- [et_pb_line_break_holder] -->        var width = window.innerWidth;<!-- [et_pb_line_break_holder] -->        var dividers = document.querySelectorAll('.divider');<!-- [et_pb_line_break_holder] -->        <!-- [et_pb_line_break_holder] -->        if (width <= 768) {<!-- [et_pb_line_break_holder] -->            dividers.forEach(function(divider) {<!-- [et_pb_line_break_holder] -->                divider.style.display = 'none';<!-- [et_pb_line_break_holder] -->            });<!-- [et_pb_line_break_holder] -->        } else {<!-- [et_pb_line_break_holder] -->            dividers.forEach(function(divider) {<!-- [et_pb_line_break_holder] -->                divider.style.display = 'inline-block';<!-- [et_pb_line_break_holder] -->            });<!-- [et_pb_line_break_holder] -->        }<!-- [et_pb_line_break_holder] -->    });<!-- [et_pb_line_break_holder] --><\/script>[\/et_pb_code][\/et_pb_column][\/et_pb_row][\/et_pb_section][et_pb_section fb_built=&#8221;1&#8243; disabled_on=&#8221;||on&#8221; admin_label=&#8221;Footer mobile fixe &#8211; EN&#8221; _builder_version=&#8221;4.25.1&#8243; background_color=&#8221;#b3a876&#8243; custom_padding=&#8221;0px|0px|0px|0px&#8221; background_last_edited=&#8221;on|desktop&#8221; custom_css_main_element=&#8221; position: fixed;|| z-index: 1100;|| width: 100%;|| bottom: 0;|| height: 50px;&#8221; global_colors_info=&#8221;{}&#8221;][et_pb_row use_custom_gutter=&#8221;on&#8221; gutter_width=&#8221;1&#8243; _builder_version=&#8221;4.16&#8243; width=&#8221;100%&#8221; max_width=&#8221;100%&#8221; custom_padding=&#8221;0px|0px|0px|0px&#8221; use_custom_width=&#8221;on&#8221; width_unit=&#8221;off&#8221; custom_width_percent=&#8221;100%&#8221; global_colors_info=&#8221;{}&#8221;][et_pb_column type=&#8221;4_4&#8243; _builder_version=&#8221;4.16&#8243; custom_padding=&#8221;|||&#8221; global_colors_info=&#8221;{}&#8221; custom_padding__hover=&#8221;|||&#8221;][et_pb_text module_class=&#8221;sticky-wrapper&#8221; _builder_version=&#8221;4.25.1&#8243; text_font=&#8221;Montserrat|300|||||||&#8221; text_text_color=&#8221;#977486&#8243; text_font_size=&#8221;16px&#8221; text_orientation=&#8221;center&#8221; custom_padding=&#8221;10px|||&#8221; global_colors_info=&#8221;{}&#8221;]<\/p>\n<p style=\"text-align: center;\"><a href=\"mailto:hotel-des-deux-avenues@wanadoo.fr\"><img loading=\"lazy\" decoding=\"async\" class=\"wp-image-1359 alignnone size-full\" src=\"https:\/\/hotel-des-deux-avenues.com\/wp-content\/uploads\/2018\/03\/envelope.png\" alt=\"\" width=\"24\" height=\"24\" \/><\/a>\u00a0 \u00a0 \u00a0 \u00a0 \u00a0<a href=\"tel:+33(0)142274435\"><img loading=\"lazy\" decoding=\"async\" class=\"wp-image-1360 alignnone size-full\" src=\"https:\/\/hotel-des-deux-avenues.com\/wp-content\/uploads\/2018\/03\/phone-receiver-2.png\" alt=\"\" width=\"24\" height=\"24\" \/><\/a>\u00a0 \u00a0 \u00a0 \u00a0 \u00a0<a href=\"https:\/\/hotel-des-deux-avenues.com\/contact-acces\/\" target=\"_blank\" rel=\"noopener noreferrer\"><img loading=\"lazy\" decoding=\"async\" class=\"wp-image-1361 alignnone size-full\" src=\"https:\/\/hotel-des-deux-avenues.com\/wp-content\/uploads\/2018\/03\/placeholder.png\" alt=\"\" width=\"24\" height=\"24\" \/><\/a><\/p>\n<div class=\"menu-lang-mobile\">\n<div class=\"wpml-ls-statics-shortcode_actions wpml-ls wpml-ls-legacy-dropdown-click js-wpml-ls-legacy-dropdown-click\">\n\t<ul>\n\n\t\t<li class=\"wpml-ls-slot-shortcode_actions wpml-ls-item wpml-ls-item-en wpml-ls-current-language wpml-ls-last-item wpml-ls-item-legacy-dropdown-click\">\n\n\t\t\t<a href=\"#\" class=\"js-wpml-ls-item-toggle wpml-ls-item-toggle\"><span class=\"wpml-ls-native\">English<\/span><\/a>\n\n\t\t\t<ul class=\"js-wpml-ls-sub-menu wpml-ls-sub-menu\">\n\t\t\t\t\t<li class=\"wpml-ls-slot-shortcode_actions wpml-ls-item wpml-ls-item-fr wpml-ls-first-item\">\n\t\t\t\t\t\t<a href=\"https:\/\/www.hotel-des-deux-avenues.com\/\" class=\"wpml-ls-link\"><span class=\"wpml-ls-display\">French<\/span><\/a>\n\t\t\t\t\t<\/li>\t\t\t<\/ul>\n\n\t\t<\/li>\n\n\t<\/ul>\n<\/div><\/div>\n<p>[\/et_pb_text][\/et_pb_column][\/et_pb_row][\/et_pb_section]<\/p>\n","protected":false},"excerpt":{"rendered":"<p>Legal notices | HOtel des Deux Avenues | Paris Proprietary\u00a0:\u00a0HOTEL DES DEUX AVENUES Phone : +33 (0)1 42 27 44 35 Address\u00a0: 38 rue Poncelet &#8211; 75017 Paris\u00a0\u2013 France SIRET :\u00a054201296800013 RCS : RCS PARIS 542 012 968 N\u00b0 TVA : FR 775 420 129 68 SIREN : 542 012 968 Legal form :\u00a0Soci\u00e9t\u00e9 en [&hellip;]<\/p>\n","protected":false},"author":1,"featured_media":0,"parent":0,"menu_order":0,"comment_status":"closed","ping_status":"closed","template":"","meta":{"_et_pb_use_builder":"on","_et_pb_old_content":"","_et_gb_content_width":"","inline_featured_image":false,"footnotes":""},"_links":{"self":[{"href":"https:\/\/www.hotel-des-deux-avenues.com\/en\/wp-json\/wp\/v2\/pages\/207622"}],"collection":[{"href":"https:\/\/www.hotel-des-deux-avenues.com\/en\/wp-json\/wp\/v2\/pages"}],"about":[{"href":"https:\/\/www.hotel-des-deux-avenues.com\/en\/wp-json\/wp\/v2\/types\/page"}],"author":[{"embeddable":true,"href":"https:\/\/www.hotel-des-deux-avenues.com\/en\/wp-json\/wp\/v2\/users\/1"}],"replies":[{"embeddable":true,"href":"https:\/\/www.hotel-des-deux-avenues.com\/en\/wp-json\/wp\/v2\/comments?post=207622"}],"version-history":[{"count":0,"href":"https:\/\/www.hotel-des-deux-avenues.com\/en\/wp-json\/wp\/v2\/pages\/207622\/revisions"}],"wp:attachment":[{"href":"https:\/\/www.hotel-des-deux-avenues.com\/en\/wp-json\/wp\/v2\/media?parent=207622"}],"curies":[{"name":"wp","href":"https:\/\/api.w.org\/{rel}","templated":true}]}}